{"id":483,"date":"2015-01-02T11:07:19","date_gmt":"2015-01-02T10:07:19","guid":{"rendered":"http:\/\/www.elothia.com\/?page_id=483"},"modified":"2026-03-20T10:53:41","modified_gmt":"2026-03-20T09:53:41","slug":"demo","status":"publish","type":"page","link":"https:\/\/www.elothia.com\/pl\/zakres-tatami\/demo\/","title":{"rendered":"Demo"},"content":{"rendered":"<div class=\"et_pb_section_0 et_pb_section et_section_regular et_block_section\">\n<div class=\"et_pb_row_0 et_pb_row et_block_row\">\n<div class=\"et_pb_column_0 et_pb_column et_pb_column_4_4 et-last-child et_block_column et_pb_css_mix_blend_mode_passthrough\">\n<div class=\"et_pb_text_0 et_pb_text et_pb_bg_layout_light et_pb_module et_block_module et_pb_text_align_left\"><div class=\"et_pb_text_inner\"><h1>R\u00f3\u017cne etapy analizy z pomoc\u0105 Tatami<\/h1>\n<h2>1. Tworzenie analizy \/ \u0142adowanie planu<\/h2>\n<table border=\"0\" cellpadding=\"1\" cellspacing=\"1\" width=\"640\">\n<tbody>\n<tr>\n<td valign=\"top\">U\u017cytkownik reguluje g\u0142\u00f3wne charakterystyki analizy, \u0142aduje t\u0142o planu (na przyk\u0142ad plik .dwg) oraz wzornik.<\/td>\n<td align=\"center\" valign=\"top\" width=\"120\"><a class=\"LinkIn\" title=\"TatamiPhase1\" href=\"\/pl\/zakres-tatami\/tatami-phase-1\/\"><img decoding=\"async\" src=\"\/images\/tatami\/tatami1.jpg\" alt=\"tatami1\" \/>Zobacz zdj\u0119cia<\/a><\/td>\n<\/tr>\n<\/tbody>\n<\/table>\n<h2>2. Okre\u015blenie struktury pod\u0142ogi<\/h2>\n<table border=\"0\" cellpadding=\"1\" cellspacing=\"1\" width=\"640\">\n<tbody>\n<tr>\n<td valign=\"top\">U\u017cytkownik kontroluje dane pod\u0142ogi. Proponowane standardowe warto\u015bci s\u0105 parametryzowalne i modyfikowalne.<br \/>Tatami zarz\u0105dza wszystkimi systemami monta\u017cu (A, B lub C zgodnie z norm\u0105 EN 1264) i mo\u017ce r\u00f3wnocze\u015bnie przetwarza\u0107 indywidualne naci\u0119cia powierzchni.<\/td>\n<td align=\"center\" valign=\"top\" width=\"120\"><a class=\"LinkIn\" title=\"TatamiPhase2\" href=\"\/pl\/zakres-tatami\/tatami-phase-2\/\"><img decoding=\"async\" src=\"\/images\/tatami\/tatami2.jpg\" alt=\"tatami2\" \/>Zobacz zdj\u0119cia<\/a><\/td>\n<\/tr>\n<\/tbody>\n<\/table>\n<h2>3. Okre\u015blenie lokali<\/h2>\n<table border=\"0\" cellpadding=\"1\" cellspacing=\"1\" width=\"640\">\n<tbody>\n<tr>\n<td valign=\"top\">Na tym etapie u\u017cytkownik okre\u015bla pomieszczenia i strefy do wyposa\u017cenia w rury.<br \/>Podczas wykonywania szkic\u00f3w Tatami automatycznie oblicza wszystkie wymiary.<br \/>To jest wielka zaleta metody Visual.<\/td>\n<td align=\"center\" valign=\"top\" width=\"120\"><a class=\"LinkIn\" title=\"TatamiPhase3\" href=\"\/pl\/zakres-tatami\/tatami-phase-3\/\"><img decoding=\"async\" src=\"\/images\/tatami\/tatami3.jpg\" alt=\"tatami3\" \/>Zobacz zdj\u0119cia<\/a><\/td>\n<\/tr>\n<\/tbody>\n<\/table>\n<h2>4. Umiejscowienie przewod\u00f3w zbiorczych \/ Po\u0142\u0105czenie pomieszcze\u0144<\/h2>\n<table border=\"0\" cellpadding=\"1\" cellspacing=\"1\" width=\"640\">\n<tbody>\n<tr>\n<td valign=\"top\">U\u017cytkownik umieszcza przewody zbiorcze i szkicuje z\u0142\u0105cza w kierunku pomieszcze\u0144.<br \/>Tatami automatycznie analizuje z\u0142\u0105cza (pomieszczenia, przez kt\u00f3re s\u0105 przeprowadzane z\u0142\u0105cza, ich d\u0142ugo\u015b\u0107) i wykonuje jednocze\u015bnie wszystkie odpowiednie obliczenia (podzia\u0142ka monta\u017cu, liczba obieg\u00f3w, d\u0142ugo\u015bci\u2026).<br \/>Komfort pracy jest niepor\u00f3wnywalny.<\/td>\n<td align=\"center\" valign=\"top\" width=\"120\"><a class=\"LinkIn\" title=\"TatamiPhase4\" href=\"\/pl\/zakres-tatami\/tatami-phase-4\/\"><img decoding=\"async\" src=\"\/images\/tatami\/tatami4.jpg\" alt=\"tatami4\" \/>Zobacz zdj\u0119cia<\/a><\/td>\n<\/tr>\n<\/tbody>\n<\/table>\n<h2>5. Zarz\u0105dzanie obwodami<\/h2>\n<table border=\"0\" cellpadding=\"1\" cellspacing=\"1\" width=\"640\">\n<tbody>\n<tr>\n<td valign=\"top\">U\u017cytkownik okre\u015bla nast\u0119pnie strefy obwod\u00f3w, korzystaj\u0105c z licznych mo\u017cliwo\u015bci oferowanych przez program.<br \/>Tatami tworzy wtedy automatycznie obwody, bez jakiejkolwiek dodatkowej interwencji.<\/td>\n<td align=\"center\" valign=\"top\" width=\"120\"><a class=\"LinkIn\" title=\"TatamiPhase5\" href=\"\/pl\/zakres-tatami\/tatami-phase-5\/\"><img decoding=\"async\" src=\"\/images\/tatami\/tatami5.jpg\" alt=\"tatami5\" \/>Zobacz zdj\u0119cia<\/a><\/td>\n<\/tr>\n<\/tbody>\n<\/table>\n<h2>6. Odwo\u0142anie przewod\u00f3w zbiorczych<\/h2>\n<table border=\"0\" cellpadding=\"1\" cellspacing=\"1\" width=\"640\">\n<tbody>\n<tr>\n<td valign=\"top\">Dzi\u0119ki u\u0142atwieniom proponowanym przez Tatami u\u017cytkownik przystosowuje uk\u0142ad zgodnie z w\u0142asnymi wymaganiami, w tym odleg\u0142o\u015b\u0107 przewod\u00f3w zbiorczych (dostosowanie z\u0142\u0105czy, wyznaczenie trasy przewod\u00f3w zbiorczych\u2026).<\/td>\n<td align=\"center\" valign=\"top\" width=\"120\"><a class=\"LinkIn\" title=\"TatamiPhase6\" href=\"\/pl\/zakres-tatami\/tatami-phase-6\/\"><img decoding=\"async\" src=\"\/images\/tatami\/tatami6.jpg\" alt=\"tatami6\" \/>Zobacz zdj\u0119cia<\/a><\/td>\n<\/tr>\n<\/tbody>\n<\/table>\n<h2>7. Ocyfrowanie<\/h2>\n<table border=\"0\" cellpadding=\"1\" cellspacing=\"1\" width=\"640\">\n<tbody>\n<tr>\n<td valign=\"top\">Po zako\u0144czonej analizie u\u017cytkownik mo\u017ce w bardzo prosty spos\u00f3b przej\u015b\u0107 do etapu tworzenia odcyfrowywania\u2026<\/td>\n<td align=\"center\" valign=\"top\" width=\"120\"><a class=\"LinkIn\" title=\"TatamiPhase7\" href=\"\/pl\/zakres-tatami\/tatami-phase-7\/\"><img decoding=\"async\" src=\"\/images\/tatami\/tatami7.jpg\" alt=\"tatami7\" \/>Zobacz zdj\u0119cia<\/a><\/td>\n<\/tr>\n<\/tbody>\n<\/table>\n<h2>8. Wydruk<\/h2>\n<table border=\"0\" cellpadding=\"1\" cellspacing=\"1\" width=\"640\">\n<tbody>\n<tr>\n<td valign=\"top\">... Wydrukuj wyniki na wyra\u017anych i wysokiej jako\u015bci dokumentach.<\/td>\n<td align=\"center\" valign=\"top\" width=\"120\"><a class=\"LinkIn\" title=\"TatamiPhase8\" href=\"\/pl\/zakres-tatami\/tatami-phase-8\/\"><img decoding=\"async\" src=\"\/images\/tatami\/tatami8.jpg\" alt=\"tatami8\" \/>Zobacz zdj\u0119cia<\/a><\/td>\n<\/tr>\n<\/tbody>\n<\/table>\n<p>&nbsp;<\/p>\n<p>&nbsp;<\/p>\n<h1><span>Zapoznaj si\u0119 z ofert\u0105<\/span><\/h1>\n<\/div><\/div>\n<\/div>\n<\/div>\n<\/div>","protected":false},"excerpt":{"rendered":"","protected":false},"author":2,"featured_media":0,"parent":289,"menu_order":0,"comment_status":"closed","ping_status":"open","template":"","meta":{"footnotes":""},"class_list":["post-483","page","type-page","status-publish","hentry"],"_links":{"self":[{"href":"https:\/\/www.elothia.com\/pl\/wp-json\/wp\/v2\/pages\/483","targetHints":{"allow":["GET"]}}],"collection":[{"href":"https:\/\/www.elothia.com\/pl\/wp-json\/wp\/v2\/pages"}],"about":[{"href":"https:\/\/www.elothia.com\/pl\/wp-json\/wp\/v2\/types\/page"}],"author":[{"embeddable":true,"href":"https:\/\/www.elothia.com\/pl\/wp-json\/wp\/v2\/users\/2"}],"replies":[{"embeddable":true,"href":"https:\/\/www.elothia.com\/pl\/wp-json\/wp\/v2\/comments?post=483"}],"version-history":[{"count":7,"href":"https:\/\/www.elothia.com\/pl\/wp-json\/wp\/v2\/pages\/483\/revisions"}],"predecessor-version":[{"id":849,"href":"https:\/\/www.elothia.com\/pl\/wp-json\/wp\/v2\/pages\/483\/revisions\/849"}],"up":[{"embeddable":true,"href":"https:\/\/www.elothia.com\/pl\/wp-json\/wp\/v2\/pages\/289"}],"wp:attachment":[{"href":"https:\/\/www.elothia.com\/pl\/wp-json\/wp\/v2\/media?parent=483"}],"curies":[{"name":"wp","href":"https:\/\/api.w.org\/{rel}","templated":true}]}}