{"id":305,"date":"2015-01-01T15:05:10","date_gmt":"2015-01-01T14:05:10","guid":{"rendered":"http:\/\/swp.fr\/elothia\/wp\/?page_id=305"},"modified":"2026-03-20T11:33:13","modified_gmt":"2026-03-20T10:33:13","slug":"polityka-prywatnosci","status":"publish","type":"page","link":"https:\/\/www.elothia.com\/pl\/polityka-prywatnosci\/","title":{"rendered":"Polityka prywatno\u015bci"},"content":{"rendered":"<div class=\"et_pb_section_0 et_pb_section et_section_regular et_block_section\">\n<div class=\"et_pb_row_0 et_pb_row et_block_row\">\n<div class=\"et_pb_column_0 et_pb_column et_pb_column_4_4 et-last-child et_block_column et_pb_css_mix_blend_mode_passthrough\">\n<div class=\"et_pb_text_0 et_pb_text et_pb_bg_layout_light et_pb_module et_block_module et_pb_text_align_left\"><div class=\"et_pb_text_inner\"><p>Francuskie Prawo tzw. \"Zaufania do Ekonomii Numerycznej\" (LCEN - Prawo Nr 2004-575 z dn. 21-go czerwca 2004) wymaga od edytor?w stron internetowych sprecyzowania pewnej liczby informacji, do kt?rego podporz?dkowujemy si? w wielk? przyjemno?ci?.<\/p>\n<p>&nbsp;<\/p>\n<h2>Edytor strony internetowej :<\/h2>\n<p>Firma \"ELOTHIA\", rue Dupetit Thouars Nr 47, 49-000 ANGERS, reprezentowana przez Pana Dominique Gentili. Telefon: 33 (0)6 18 27 21 55 (Kapital: 100\u20ac ; REGON:49519514100017)<\/p>\n<p>&nbsp;<\/p>\n<h2>Webmaster<\/h2>\n<p>EI Pascal Derath\u00e9 \"SWP\", Chemin de Laval Nr 32, 69-230 Saint-Genis Laval Tel: 0033 (0)6 72 07 72 10, reprezentowana przez Pana Pascal Derath\u00e9 (<a href=\"http:\/\/www.swp.fr\/\" target=\"_blank\" rel=\"noopener\">strona internetowa<\/a>)<\/p>\n<p>&nbsp;<\/p>\n<h2>Porady Komunikacja i Marketing<\/h2>\n<p><a title=\"Vers le site de Michel Fereira\" href=\"http:\/\/www.michelfereira.com\/\" target=\"_blank\" rel=\"noopener\">www.michelfereira.com<\/a><br \/>74 rue Jean Jaur\u00e8s<br \/>49127 St-Barth\u00e9l\u00e9my d'Anjou<\/p>\n<p>&nbsp;<\/p>\n<h2>Hosting<\/h2>\n<p>Us?ugi hostingowe s? oddane przez serwery firmy OUITEC - Charly (69) - France.<span class=\"Apple-converted-space\"><br \/><\/span><\/p>\n<p>&nbsp;<\/p>\n<h2>W\u0142asno\u015b\u0107 intelektualna<\/h2>\n<p>Wszelka nieautoryzowana reprodukcja lub rozpowszechnianie w ca\u0142o\u015bci lub w cz\u0119\u015bci element\u00f3w i informacji zawartych na tej stronie jest zabronione. Zawarto\u015b\u0107 jest udost\u0119pniona wy\u0142\u0105cznie do u\u017cytku prywatnego, a nie zbiorowego.<br \/>Zgodnie z artyku\u0142em L. 122-5, 2\u00b0 i 3\u00b0a francuskiego prawa o w\u0142asno\u015bci intelektualnej, dozwolone jest z jednej strony \u201ekopiowanie lub reprodukcja przeznaczona wy\u0142\u0105cznie do prywatnego u\u017cytku osoby kopiuj\u0105cej i nieprzeznaczona do u\u017cytku zbiorowego\u201d, a z drugiej strony analiza oraz kr\u00f3tkie cytaty wykorzystywane w celach przyk\u0142adu i ilustracji.<br \/>Ka\u017cda inna forma reprezentacji lub reprodukcji, w ca\u0142o\u015bci lub w cz\u0119\u015bci, bez uprzedniej zgody autora lub jego prawnych przedstawicieli, jest zabroniona (art. L. 122-4).<br \/>Reprezentacja lub reprodukcja dokonana w jakikolwiek spos\u00f3b stanowi\u0142aby plagiat podlegaj\u0105cy sankcjom zgodnie z art. L. 335-2 i nast\u0119pnymi artyku\u0142ami francuskiego Kodeksu w\u0142asno\u015bci intelektualnej.<\/p>\n<h3><\/h3>\n<h2>GIODO (Generalny Inspektor Ochrony Danych Osobowych i Prywatno\u015bci)<\/h2>\n<p>&nbsp;<\/p>\n<p class=\"my-2 [&amp;+p]:mt-4 [&amp;_strong:has(+br)]:inline-block [&amp;_strong:has(+br)]:pb-2\"><strong>Ochrona i u\u017cywanie danych osobowych:<\/strong><\/p>\n<p class=\"my-2 [&amp;+p]:mt-4 [&amp;_strong:has(+br)]:inline-block [&amp;_strong:has(+br)]:pb-2\">U\u017cytkownicy, kt\u00f3rzy przekazali na stronie informacje osobowe, mog\u0105 \u017c\u0105da\u0107 od administratora witryny udost\u0119pnienia dotycz\u0105cych ich danych oraz ich poprawienia, zgodnie z francuskim prawem nr 78-17 z dnia 6 stycznia 1978 r. dotycz\u0105cym informatyki, plik\u00f3w i prywatno\u015bci.<\/p>\n<p class=\"my-2 [&amp;+p]:mt-4 [&amp;_strong:has(+br)]:inline-block [&amp;_strong:has(+br)]:pb-2\">Mo\u017cliwe jest skorzystanie z tego prawa poprzez wys\u0142anie pisma do redaktora strony internetowej.<\/p>\n<p class=\"my-2 [&amp;+p]:mt-4 [&amp;_strong:has(+br)]:inline-block [&amp;_strong:has(+br)]:pb-2\">Dane osobowe mog\u0105 by\u0107 wykorzystywane przez redaktora w celu proponowania us\u0142ug i\/lub produkt\u00f3w oraz informowania o us\u0142ugach lub produktach partner\u00f3w.<br \/>Zostan\u0105 one przekazane osobom trzecim wy\u0142\u0105cznie w celu realizacji us\u0142ug lub wype\u0142nienia prawnych zobowi\u0105za\u0144.<br \/>Ka\u017cdy u\u017cytkownik mo\u017ce si\u0119 temu sprzeciwi\u0107, kieruj\u0105c pisemne \u017c\u0105danie na wy\u017cej wymieniony adres.<\/p>\n<h3><\/h3>\n<h2>Marki i logotypy, odno\u015bniki hipertextowe<\/h2>\n<p><span>Wszelkie u\u017cycie nazw marek i logotyp\u00f3w znajduj\u0105cych si\u0119 na tej stronie jest zabronione bez uprzedniej zgody redaktora.<\/span><br \/><span>Tak samo wszelkie odno\u015bniki hipertextowe prowadz\u0105ce do tej strony podlegaj\u0105 wcze\u015bniejszej autoryzacji.<\/span><\/p>\n<h2>Kredyt zdj\u0119\u0107<\/h2>\n<p>Magnolia vertical : Zeabi - Fotolia.com<\/p>\n<p>Magnolia horizontal : Sandra Gligorijevic - Fotolia.com<\/p>\n<p>&nbsp;<\/p>\n<\/div><\/div>\n<\/div>\n<\/div>\n<\/div>","protected":false},"excerpt":{"rendered":"","protected":false},"author":2,"featured_media":0,"parent":0,"menu_order":99,"comment_status":"closed","ping_status":"closed","template":"","meta":{"footnotes":""},"class_list":["post-305","page","type-page","status-publish","hentry"],"_links":{"self":[{"href":"https:\/\/www.elothia.com\/pl\/wp-json\/wp\/v2\/pages\/305","targetHints":{"allow":["GET"]}}],"collection":[{"href":"https:\/\/www.elothia.com\/pl\/wp-json\/wp\/v2\/pages"}],"about":[{"href":"https:\/\/www.elothia.com\/pl\/wp-json\/wp\/v2\/types\/page"}],"author":[{"embeddable":true,"href":"https:\/\/www.elothia.com\/pl\/wp-json\/wp\/v2\/users\/2"}],"replies":[{"embeddable":true,"href":"https:\/\/www.elothia.com\/pl\/wp-json\/wp\/v2\/comments?post=305"}],"version-history":[{"count":5,"href":"https:\/\/www.elothia.com\/pl\/wp-json\/wp\/v2\/pages\/305\/revisions"}],"predecessor-version":[{"id":853,"href":"https:\/\/www.elothia.com\/pl\/wp-json\/wp\/v2\/pages\/305\/revisions\/853"}],"wp:attachment":[{"href":"https:\/\/www.elothia.com\/pl\/wp-json\/wp\/v2\/media?parent=305"}],"curies":[{"name":"wp","href":"https:\/\/api.w.org\/{rel}","templated":true}]}}