{"id":293,"date":"2015-01-01T15:00:30","date_gmt":"2015-01-01T14:00:30","guid":{"rendered":"http:\/\/swp.fr\/elothia\/wp\/?page_id=293"},"modified":"2026-03-20T11:31:48","modified_gmt":"2026-03-20T10:31:48","slug":"referencje","status":"publish","type":"page","link":"https:\/\/www.elothia.com\/pl\/referencje\/","title":{"rendered":"Referencje"},"content":{"rendered":"<div class=\"et_pb_section_0 et_pb_section et_section_regular et_block_section\">\n<div class=\"et_pb_row_0 et_pb_row et_block_row\">\n<div class=\"et_pb_column_0 et_pb_column et_pb_column_4_4 et-last-child et_block_column et_pb_css_mix_blend_mode_passthrough\">\n<div class=\"et_pb_text_0 et_pb_text et_pb_bg_layout_light et_pb_module et_block_module et_pb_text_align_left\"><div class=\"et_pb_text_inner\"><h1>Oni r\u00f3wnie\u017c przyj\u0119li metod\u0119 VISUAL.<\/h1>\n<\/div><\/div>\n<\/div>\n<\/div>\n\n<div class=\"et_pb_row_1 et_pb_row et_block_row\">\n<div class=\"et_pb_column_1 et_pb_column et_pb_column_1_4 et_block_column et_pb_css_mix_blend_mode_passthrough\">\n<div class=\"et_pb_image_0 et_pb_image et_pb_image_sticky et_animated et_pb_module et_block_module\"><span class=\"et_pb_image_wrap\"><img loading=\"lazy\" decoding=\"async\" src=\"http:\/\/www.elothia.com\/wp-content\/uploads\/2015\/01\/acome.jpg\" width=\"180\" height=\"68\" srcset=\"http:\/\/www.elothia.com\/wp-content\/uploads\/2015\/01\/acome.jpg 180w\" sizes=\"(max-width: 180px) 100vw, 180px\" class=\"wp-image-85\" title=\"ACOME\" alt=\"ACOME\" \/><\/span><\/div>\n<\/div>\n\n<div class=\"et_pb_column_2 et_pb_column et_pb_column_3_4 et-last-child et_block_column et_pb_css_mix_blend_mode_passthrough\">\n<div class=\"et_pb_text_1 et_pb_text et_pb_bg_layout_light et_pb_module et_block_module et_pb_text_align_left\"><div class=\"et_pb_text_inner\"><p><strong>Program AcoSoft<\/strong><\/p>\n<p>AcoSoft jest programem pokrywaj\u0105cym wszystkie wymagania wymiarowania, odcyfrowywania i realizacji plan\u00f3w monta\u017cu pod\u0142\u00f3g grzewczych hydraulicznych i elektrycznych Acome.<\/p>\n<p>Funkcjonuje on w podw\u00f3jnym trybie:<\/p>\n<ul>\n<li>w trybie \u201eobliczeniowym\u201d (z asystentem lub bez asystenta tworzenia analizy)<\/li>\n<li>w trybie \u201eplanowym\u201d z zaprogramowanymi obliczeniami<\/li>\n<\/ul>\n<\/div><\/div>\n<\/div>\n<\/div>\n\n<div class=\"et_pb_row_2 et_pb_row et_block_row\">\n<div class=\"et_pb_column_3 et_pb_column et_pb_column_1_4 et_block_column et_pb_css_mix_blend_mode_passthrough\">\n<div class=\"et_pb_image_1 et_pb_image et_pb_image_sticky et_animated et_pb_module et_block_module\"><span class=\"et_pb_image_wrap\"><img loading=\"lazy\" decoding=\"async\" src=\"http:\/\/www.elothia.com\/wp-content\/uploads\/2015\/01\/begetube.jpg\" width=\"180\" height=\"82\" srcset=\"http:\/\/www.elothia.com\/wp-content\/uploads\/2015\/01\/begetube.jpg 180w\" sizes=\"(max-width: 180px) 100vw, 180px\" class=\"wp-image-90\" title=\"BEGETUBE\" alt=\"BEGETUBE\" \/><\/span><\/div>\n<\/div>\n\n<div class=\"et_pb_column_4 et_pb_column et_pb_column_3_4 et-last-child et_block_column et_pb_css_mix_blend_mode_passthrough\">\n<div class=\"et_pb_text_2 et_pb_text et_pb_bg_layout_light et_pb_module et_block_module et_pb_text_align_left\"><div class=\"et_pb_text_inner\"><p><strong>Standardowy program Tatami<\/strong><\/p>\n<p>Begetube zaadaptowa\u0142 program Tatami do realizacji wszystkich analiz pod\u0142\u00f3g grzewczych.<\/p>\n<p style=\"padding-left: 30px;\"><sub><em>\u201ePotrzebny nam by\u0142 kompletny program, \u0142atwy w zastosowaniu i pozwalaj\u0105cy nam zyska\u0107 wi\u0119cej czasu. Dzi\u0119ki programowi firmy Elothia, znale\u017ali\u015bmy aplikacj\u0119 posiadaj\u0105c\u0105 wszystkie funkcjonalno\u015bci umo\u017cliwiaj\u0105ce dostosowanie obieg\u00f3w, wykre\u015blanie plan\u00f3w monta\u017cu oraz okre\u015blania zasilania przewod\u00f3w zbiorczych. Program jest \u0142atwy do parametryzacji i w konsekwencji \u0142atwy do uosobienia, co jest wa\u017cne przy naszej dzia\u0142alno\u015bci. Jest \u0142atwy i przyjemny w obs\u0142udze oraz podaje szczeg\u00f3\u0142owe wyniki w bardzo kr\u00f3tkim czasie. Dodam przy tym, \u017ce firma Elothia gwarantuje r\u00f3wnie\u017c bardzo dobr\u0105 obs\u0142ug\u0119 i jest rzeczywi\u015bcie do dyspozycji swoich klient\u00f3w.\u201d<br \/>\nT.S. \u2013 Dyrektor Dzia\u0142u Technicznego.<\/em><\/sub><\/p>\n<\/div><\/div>\n<\/div>\n<\/div>\n\n<div class=\"et_pb_row_3 et_pb_row et_block_row\">\n<div class=\"et_pb_column_5 et_pb_column et_pb_column_1_4 et_block_column et_pb_css_mix_blend_mode_passthrough\">\n<div class=\"et_pb_image_2 et_pb_image et_pb_image_sticky et_animated et_pb_module et_block_module\"><span class=\"et_pb_image_wrap\"><img loading=\"lazy\" decoding=\"async\" src=\"http:\/\/www.elothia.com\/wp-content\/uploads\/2015\/01\/rdz.jpg\" width=\"180\" height=\"68\" srcset=\"http:\/\/www.elothia.com\/wp-content\/uploads\/2015\/01\/rdz.jpg 180w\" sizes=\"(max-width: 180px) 100vw, 180px\" class=\"wp-image-95\" title=\"RDZ\" alt=\"RDZ\" \/><\/span><\/div>\n<\/div>\n\n<div class=\"et_pb_column_6 et_pb_column et_pb_column_3_4 et-last-child et_block_column et_pb_css_mix_blend_mode_passthrough\">\n<div class=\"et_pb_text_3 et_pb_text et_pb_bg_layout_light et_pb_module et_block_module et_pb_text_align_left\"><div class=\"et_pb_text_inner\"><p><strong>Program RDZEasyDraw<\/strong><\/p>\n<p>RDZEasyDraw jest typowym przyk\u0142adem wariantu Tatami w wersji Corporate.<\/p>\n<p>&nbsp;<\/p>\n<\/div><\/div>\n<\/div>\n<\/div>\n<\/div>","protected":false},"excerpt":{"rendered":"","protected":false},"author":2,"featured_media":0,"parent":0,"menu_order":60,"comment_status":"closed","ping_status":"closed","template":"","meta":{"footnotes":""},"class_list":["post-293","page","type-page","status-publish","hentry"],"_links":{"self":[{"href":"https:\/\/www.elothia.com\/pl\/wp-json\/wp\/v2\/pages\/293","targetHints":{"allow":["GET"]}}],"collection":[{"href":"https:\/\/www.elothia.com\/pl\/wp-json\/wp\/v2\/pages"}],"about":[{"href":"https:\/\/www.elothia.com\/pl\/wp-json\/wp\/v2\/types\/page"}],"author":[{"embeddable":true,"href":"https:\/\/www.elothia.com\/pl\/wp-json\/wp\/v2\/users\/2"}],"replies":[{"embeddable":true,"href":"https:\/\/www.elothia.com\/pl\/wp-json\/wp\/v2\/comments?post=293"}],"version-history":[{"count":2,"href":"https:\/\/www.elothia.com\/pl\/wp-json\/wp\/v2\/pages\/293\/revisions"}],"predecessor-version":[{"id":852,"href":"https:\/\/www.elothia.com\/pl\/wp-json\/wp\/v2\/pages\/293\/revisions\/852"}],"wp:attachment":[{"href":"https:\/\/www.elothia.com\/pl\/wp-json\/wp\/v2\/media?parent=293"}],"curies":[{"name":"wp","href":"https:\/\/api.w.org\/{rel}","templated":true}]}}