{"id":289,"date":"2015-01-01T14:57:23","date_gmt":"2015-01-01T13:57:23","guid":{"rendered":"http:\/\/swp.fr\/elothia\/wp\/?page_id=289"},"modified":"2026-03-20T10:01:09","modified_gmt":"2026-03-20T09:01:09","slug":"zakres-tatami","status":"publish","type":"page","link":"https:\/\/www.elothia.com\/pl\/zakres-tatami\/","title":{"rendered":"Zakres TATAMI"},"content":{"rendered":"<div class=\"et_pb_section_0 et_pb_section et_section_regular et_block_section\">\n<div class=\"et_pb_row_0 et_pb_row et_block_row\">\n<div class=\"et_pb_column_0 et_pb_column et_pb_column_4_4 et-last-child et_block_column et_pb_css_mix_blend_mode_passthrough\">\n<div class=\"et_pb_text_0 et_pb_text et_pb_bg_layout_light et_pb_module et_block_module et_pb_text_align_left\"><div class=\"et_pb_text_inner\"><p>Tatami jest programem firmy Elothia, przeznaczonym do pod\u0142\u00f3g promieniuj\u0105cych hydraulicznych.<br \/>Funkcjonuje on w trybie Visual.<\/p>\n<p style=\"text-align: right;\"><a href='\/pl\/zakres-tatami\/demo\/' class='small-button smallorange'>Demo online<\/a><\/p>\n<h1>Niezr\u00f3wnany komfort pracy<\/h1>\n<p class=\"my-2 [&amp;+p]:mt-4 [&amp;_strong:has(+br)]:inline-block [&amp;_strong:has(+br)]:pb-2\">Tatami pozwala na prac\u0119 w ka\u017cdym formacie numerycznym (jpg, bmp, pdf, dwg\/dxf).<br \/>Obliczenia s\u0105 wykonywane zgodnie z norm\u0105 EN 1264.<br \/>Program jest pomocny w podejmowaniu decyzji na ka\u017cdym etapie (podzia\u0142ka monta\u017cu, temperatura startu) dzi\u0119ki tablicom i kompletnym wykresom.<br \/>W celu wzmocnienia Twojej produktywno\u015bci Tatami proponuje ponadto u\u0142atwienia w wykonywaniu szkic\u00f3w charakterystycznych dla Twojego zawodu, a automatyczne funkcjonowanie programu pozostaje wy\u0142\u0105czone w ten spos\u00f3b, aby m\u00f3c przetwarza\u0107 wszelkie zaistnia\u0142e przypadki.<\/p>\n<p class=\"my-2 [&amp;+p]:mt-4 [&amp;_strong:has(+br)]:inline-block [&amp;_strong:has(+br)]:pb-2\">Wydrukowane dokumenty s\u0105 wysokiej jako\u015bci, ca\u0142kowicie parametryzowalne; wyklejka zawiera Twoje logo, odcyfrowywanie, szczeg\u00f3\u0142y oblicze\u0144, syntez\u0119 oraz ca\u0142kowity lub cz\u0119\u015bciowy plan monta\u017cu zgodny z pomiarami lub nie.<\/p>\n<p class=\"my-2 [&amp;+p]:mt-4 [&amp;_strong:has(+br)]:inline-block [&amp;_strong:has(+br)]:pb-2\">Aby towarzyszy\u0107 Ci w rozwoju zagranicznym, Tatami jest dost\u0119pny r\u00f3wne\u00adnie w r\u00f3\u017cnych j\u0119zykach Europy zachodniej i potrafi zarz\u0105dza\u0107 r\u00f3\u017cnymi walutami!<\/p>\n<h1>Pr\u0119dko\u015b\u0107 obliczania i odcyfrowywania<\/h1>\n<p><span>Tatami zarz\u0105dza absolutnie wszystkimi parametrami obliczeniowymi (struktura pod\u0142ogi, systemy monta\u017cu, przewody zbiorcze, z\u0142\u0105cza\u2026) i dopasowuje si\u0119 do wszystkich metod monta\u017cu: strefy peryferyczne, podzia\u0142ki mieszane, obwody r\u00f3wnoleg\u0142e\u2026<\/span><br \/><span>Program udost\u0119pnia r\u00f3wnie\u017c dok\u0142adny bilans termiczny dla lokali ogrzewanych wy\u0142\u0105cznie przebiegiem rur.<\/span><\/p>\n<p><span>Aby odcyfrowa\u0107, Tatami bierze pod uwag\u0119 ka\u017cdy sk\u0142adnik taryfikacji: koronowanie, system monta\u017cu (zwyk\u0142y lub wielokrotny), materia\u0142y lub wyposa\u017cenia dodatkowe (bior\u0105c pod uwag\u0119 obieg, m\u00b2, metr liniowy\u2026).<br \/>Tatami jest zaprojektowany w taki spos\u00f3b, aby dopasowa\u0107 si\u0119 do wszystkich szczeg\u00f3\u0142\u00f3w Twojej taryfikacji.<\/span><\/p>\n<p style=\"text-align: center;\"><img loading=\"lazy\" decoding=\"async\" class=\"alignnone size-full wp-image-118\" src=\"http:\/\/www.elothia.com\/wp-content\/uploads\/2015\/01\/magnolias-228x153.jpg\" alt=\"flowers\" width=\"228\" height=\"153\" \/><\/p>\n<\/div><\/div>\n<\/div>\n<\/div>\n<\/div>","protected":false},"excerpt":{"rendered":"","protected":false},"author":2,"featured_media":0,"parent":0,"menu_order":40,"comment_status":"closed","ping_status":"open","template":"","meta":{"footnotes":""},"class_list":["post-289","page","type-page","status-publish","hentry"],"_links":{"self":[{"href":"https:\/\/www.elothia.com\/pl\/wp-json\/wp\/v2\/pages\/289","targetHints":{"allow":["GET"]}}],"collection":[{"href":"https:\/\/www.elothia.com\/pl\/wp-json\/wp\/v2\/pages"}],"about":[{"href":"https:\/\/www.elothia.com\/pl\/wp-json\/wp\/v2\/types\/page"}],"author":[{"embeddable":true,"href":"https:\/\/www.elothia.com\/pl\/wp-json\/wp\/v2\/users\/2"}],"replies":[{"embeddable":true,"href":"https:\/\/www.elothia.com\/pl\/wp-json\/wp\/v2\/comments?post=289"}],"version-history":[{"count":2,"href":"https:\/\/www.elothia.com\/pl\/wp-json\/wp\/v2\/pages\/289\/revisions"}],"predecessor-version":[{"id":835,"href":"https:\/\/www.elothia.com\/pl\/wp-json\/wp\/v2\/pages\/289\/revisions\/835"}],"wp:attachment":[{"href":"https:\/\/www.elothia.com\/pl\/wp-json\/wp\/v2\/media?parent=289"}],"curies":[{"name":"wp","href":"https:\/\/api.w.org\/{rel}","templated":true}]}}