{"id":287,"date":"2015-01-01T14:56:29","date_gmt":"2015-01-01T13:56:29","guid":{"rendered":"http:\/\/swp.fr\/elothia\/wp\/?page_id=287"},"modified":"2026-03-20T09:57:08","modified_gmt":"2026-03-20T08:57:08","slug":"tryb-visual","status":"publish","type":"page","link":"https:\/\/www.elothia.com\/pl\/tryb-visual\/","title":{"rendered":"Tryb VISUAL"},"content":{"rendered":"<div class=\"et_pb_section_0 et_pb_section et_section_regular et_block_section\">\n<div class=\"et_pb_row_0 et_pb_row et_block_row\">\n<div class=\"et_pb_column_0 et_pb_column et_pb_column_4_4 et-last-child et_block_column et_pb_css_mix_blend_mode_passthrough\">\n<div class=\"et_pb_text_0 et_pb_text et_pb_bg_layout_light et_pb_module et_block_module et_pb_text_align_left\"><div class=\"et_pb_text_inner\"><h1>Wyszkicuj, sukces jest zagwaranotwany !<\/h1>\n<p><span>Szkicujesz, a program natychmiast oblicza wszystkie wyniki wymiarowania i odcyfrowywania. Procedury i algorytmy obliczeniowe wykonywane s\u0105 na podstawie danych z wpis\u00f3w graficznych i w ten spos\u00f3b wszystkie obwody s\u0105 tworzone w spos\u00f3b automatyczny<\/span>.<\/p>\n<h1>Wersja Standardowa lub Corporate<\/h1>\n<p class=\"my-2 [&amp;+p]:mt-4 [&amp;_strong:has(+br)]:inline-block [&amp;_strong:has(+br)]:pb-2\">W wersji Standard nasze programy zachowuj\u0105 ergonomi\u0119 programu firmy Elothia, proponuj\u0105c jednocze\u015bnie elementy parametryzowalne i uosobialne: serie sprz\u0119tu i formaty wydruku.<\/p>\n<p class=\"my-2 [&amp;+p]:mt-4 [&amp;_strong:has(+br)]:inline-block [&amp;_strong:has(+br)]:pb-2\">W wersji Corporate nasze programy przedstawiaj\u0105 ponadto \u015brodowisko ca\u0142kowicie uosobione Twoj\u0105 mark\u0105; strona g\u0142\u00f3wna jest oznaczona Twoim logo i Twoimi kolorami. Nasze programy w wersji Corporate pozwalaj\u0105 na rozpowszechnianie Twojego wizerunku, jak r\u00f3wnie\u017c Twojego w\u0142asnego programu.<\/p>\n<p class=\"my-2 [&amp;+p]:mt-4 [&amp;_strong:has(+br)]:inline-block [&amp;_strong:has(+br)]:pb-2\">Opcja dost\u0119pna na ca\u0142ej gamie produktu: program obliczania ubytk\u00f3w, funkcjonuj\u0105cy w trybie VISUAL (norma EN 12831).<\/p>\n<p><span style=\"font-size: 14px;\">.<\/span><\/p>\n<h1>Ca\u0142kowite scalenie z lini\u0105 przetwarzania dxf<\/h1>\n<p class=\"my-2 [&amp;+p]:mt-4 [&amp;_strong:has(+br)]:inline-block [&amp;_strong:has(+br)]:pb-2\">U\u017cytkownik mo\u017ce rozpocz\u0105\u0107 analiz\u0119, otwieraj\u0105c bezpo\u015brednio plik dwg\/dxf (istnieje mo\u017cliwo\u015b\u0107 wyboru prezentacji) i utworzy\u0107 na ko\u0144cu procesu plan monta\u017cu w formacie dxf; r\u00f3\u017cne elementy instalacji s\u0105 rozmieszczone na kilku kalkach.<\/p>\n<p class=\"my-2 [&amp;+p]:mt-4 [&amp;_strong:has(+br)]:inline-block [&amp;_strong:has(+br)]:pb-2\">Ca\u0142kowite scalenie z lini\u0105 przetwarzania dxf pozwala u\u017cytkownikom odpowiedzialnym za projekty oraz architektom na dysponowanie w ka\u017cdym momencie kalkami mo\u017cliwymi do odzyskania w pocz\u0105tkowym projekcie dxf, wy\u015bwietlaj\u0105c wy\u0142\u0105cznie potrzebne informacje praktyczne<\/p>\n<p><span style=\"font-size: 14px;\">.<\/span><\/p>\n<p style=\"text-align: center;\"><img loading=\"lazy\" decoding=\"async\" class=\"alignnone size-full wp-image-128\" src=\"http:\/\/www.elothia.com\/wp-content\/uploads\/2015\/01\/magnolia-228x170.jpg\" alt=\"magnolia-228x170\" width=\"228\" height=\"170\" \/><\/p>\n<\/div><\/div>\n<\/div>\n<\/div>\n<\/div>","protected":false},"excerpt":{"rendered":"","protected":false},"author":2,"featured_media":0,"parent":0,"menu_order":30,"comment_status":"closed","ping_status":"open","template":"","meta":{"footnotes":""},"class_list":["post-287","page","type-page","status-publish","hentry"],"_links":{"self":[{"href":"https:\/\/www.elothia.com\/pl\/wp-json\/wp\/v2\/pages\/287","targetHints":{"allow":["GET"]}}],"collection":[{"href":"https:\/\/www.elothia.com\/pl\/wp-json\/wp\/v2\/pages"}],"about":[{"href":"https:\/\/www.elothia.com\/pl\/wp-json\/wp\/v2\/types\/page"}],"author":[{"embeddable":true,"href":"https:\/\/www.elothia.com\/pl\/wp-json\/wp\/v2\/users\/2"}],"replies":[{"embeddable":true,"href":"https:\/\/www.elothia.com\/pl\/wp-json\/wp\/v2\/comments?post=287"}],"version-history":[{"count":2,"href":"https:\/\/www.elothia.com\/pl\/wp-json\/wp\/v2\/pages\/287\/revisions"}],"predecessor-version":[{"id":834,"href":"https:\/\/www.elothia.com\/pl\/wp-json\/wp\/v2\/pages\/287\/revisions\/834"}],"wp:attachment":[{"href":"https:\/\/www.elothia.com\/pl\/wp-json\/wp\/v2\/media?parent=287"}],"curies":[{"name":"wp","href":"https:\/\/api.w.org\/{rel}","templated":true}]}}