{"id":281,"date":"2015-01-01T14:32:10","date_gmt":"2015-01-01T13:32:10","guid":{"rendered":"http:\/\/swp.fr\/elothia\/wp\/?page_id=281"},"modified":"2026-03-20T09:53:24","modified_gmt":"2026-03-20T08:53:24","slug":"strona-glowna","status":"publish","type":"page","link":"https:\/\/www.elothia.com\/pl\/","title":{"rendered":"Strona g??wna"},"content":{"rendered":"<div class=\"et_pb_section_0 et_pb_section et_section_regular et_block_section\">\n<div class=\"et_pb_row_0 et_pb_row et_block_row\">\n<div class=\"et_pb_column_0 et_pb_column et_pb_column_4_4 et-last-child et_block_column et_pb_css_mix_blend_mode_passthrough\">\n<div class=\"et_pb_text_0 et_pb_text et_pb_bg_layout_light et_pb_module et_block_module\"><div class=\"et_pb_text_inner\"><p class=\"accueil\">Elothia opracowa\u0142a programy nowej generacji przeznaczone dla profesjonalist\u00f3w analizy lokalizacji pod\u0142\u00f3g grzewczych i ch\u0142odz\u0105cych.<br \/>Odkryj nowy i szybki spos\u00f3b analizy lokalizacji, gwarantuj\u0105cy niezr\u00f3wnane zyski i komfort pracy.<\/p>\n<p class=\"accueil\" style=\"text-align: center;\"><img loading=\"lazy\" decoding=\"async\" class=\"alignnone size-full wp-image-61\" src=\"http:\/\/www.elothia.com\/wp-content\/uploads\/2015\/01\/magnolias-650x392.jpg\" alt=\"magnolias-650x392\" width=\"650\" height=\"392\" srcset=\"https:\/\/www.elothia.com\/wp-content\/uploads\/2015\/01\/magnolias-650x392.jpg 650w, https:\/\/www.elothia.com\/wp-content\/uploads\/2015\/01\/magnolias-650x392-300x181.jpg 300w\" sizes=\"(max-width: 650px) 100vw, 650px\" \/><\/p>\n<\/div><\/div>\n<\/div>\n<\/div>\n<\/div>","protected":false},"excerpt":{"rendered":"","protected":false},"author":2,"featured_media":0,"parent":0,"menu_order":0,"comment_status":"closed","ping_status":"closed","template":"","meta":{"footnotes":""},"class_list":["post-281","page","type-page","status-publish","hentry"],"_links":{"self":[{"href":"https:\/\/www.elothia.com\/pl\/wp-json\/wp\/v2\/pages\/281","targetHints":{"allow":["GET"]}}],"collection":[{"href":"https:\/\/www.elothia.com\/pl\/wp-json\/wp\/v2\/pages"}],"about":[{"href":"https:\/\/www.elothia.com\/pl\/wp-json\/wp\/v2\/types\/page"}],"author":[{"embeddable":true,"href":"https:\/\/www.elothia.com\/pl\/wp-json\/wp\/v2\/users\/2"}],"replies":[{"embeddable":true,"href":"https:\/\/www.elothia.com\/pl\/wp-json\/wp\/v2\/comments?post=281"}],"version-history":[{"count":1,"href":"https:\/\/www.elothia.com\/pl\/wp-json\/wp\/v2\/pages\/281\/revisions"}],"predecessor-version":[{"id":832,"href":"https:\/\/www.elothia.com\/pl\/wp-json\/wp\/v2\/pages\/281\/revisions\/832"}],"wp:attachment":[{"href":"https:\/\/www.elothia.com\/pl\/wp-json\/wp\/v2\/media?parent=281"}],"curies":[{"name":"wp","href":"https:\/\/api.w.org\/{rel}","templated":true}]}}