{"id":259,"date":"2015-01-01T14:17:46","date_gmt":"2015-01-01T13:17:46","guid":{"rendered":"http:\/\/swp.fr\/elothia\/wp\/?page_id=259"},"modified":"2026-03-19T08:48:50","modified_gmt":"2026-03-19T07:48:50","slug":"referencias","status":"publish","type":"page","link":"https:\/\/www.elothia.com\/es\/referencias\/","title":{"rendered":"Referencias"},"content":{"rendered":"<div class=\"et_pb_section_0 et_pb_section et_section_regular et_block_section\"><div class=\"et_pb_row_0 et_pb_row et_block_row\"><div class=\"et_pb_column_0 et_pb_column et_pb_column_4_4 et-last-child et_block_column et_pb_css_mix_blend_mode_passthrough\"><div class=\"et_pb_text_0 et_pb_text et_pb_bg_layout_light et_pb_module et_block_module\"><div class=\"et_pb_text_inner\"><h1>Han adoptado el enfoque de VISUAL<\/h1>\n<\/div><\/div><\/div><\/div><div class=\"et_pb_row_1 et_pb_row et_pb_row_1-4_3-4 et_block_row et_block_row_1-4_3-4\"><div class=\"et_pb_column_1 et_pb_column et_pb_column_1_4 et_block_column et_pb_css_mix_blend_mode_passthrough\"><div class=\"et_pb_image_0 et_pb_image et_pb_image_sticky et_animated et_pb_module et_block_module\"><span class=\"et_pb_image_wrap\"><img loading=\"lazy\" decoding=\"async\" src=\"http:\/\/www.elothia.com\/wp-content\/uploads\/2015\/01\/acome.jpg\" width=\"180\" height=\"68\" srcset=\"http:\/\/www.elothia.com\/wp-content\/uploads\/2015\/01\/acome.jpg 180w\" sizes=\"(max-width: 180px) 100vw, 180px\" class=\"wp-image-85\" title=\"ACOME\" alt=\"ACOME\" \/><\/span><\/div><\/div><div class=\"et_pb_column_2 et_pb_column et_pb_column_3_4 et-last-child et_block_column et_pb_css_mix_blend_mode_passthrough\"><div class=\"et_pb_text_1 et_pb_text et_pb_bg_layout_light et_pb_module et_block_module\"><div class=\"et_pb_text_inner\"><p><strong>Software AcoSoft<\/strong><\/p>\n<p>AcoSoft es un programa que cubre todas las necesidades de dimensionamiento, evaluaci\u00f3n y realizaci\u00f3n de planos de instalaci\u00f3n de suelos radiantes hidr\u00e1ulicos y el\u00e9ctricos de Acome.<\/p>\n<p>&nbsp;<\/p>\n<p>Funciona en modo dual:<\/p>\n<ul>\n<li>modo c\u00e1lculo (con o sin asistencia para la creaci\u00f3n del estudio)<\/li>\n<li>y modo plano, con c\u00e1lculos integrados<\/li>\n<\/ul>\n<\/div><\/div><\/div><\/div><div class=\"et_pb_row_2 et_pb_row et_pb_row_1-4_3-4 et_block_row et_block_row_1-4_3-4\"><div class=\"et_pb_column_3 et_pb_column et_pb_column_1_4 et_block_column et_pb_css_mix_blend_mode_passthrough\"><div class=\"et_pb_image_1 et_pb_image et_pb_image_sticky et_animated et_pb_module et_block_module\"><span class=\"et_pb_image_wrap\"><img loading=\"lazy\" decoding=\"async\" src=\"http:\/\/www.elothia.com\/wp-content\/uploads\/2015\/01\/begetube.jpg\" width=\"180\" height=\"82\" srcset=\"http:\/\/www.elothia.com\/wp-content\/uploads\/2015\/01\/begetube.jpg 180w\" sizes=\"(max-width: 180px) 100vw, 180px\" class=\"wp-image-90\" title=\"BEGETUBE\" alt=\"BEGETUBE\" \/><\/span><\/div><\/div><div class=\"et_pb_column_4 et_pb_column et_pb_column_3_4 et-last-child et_block_column et_pb_css_mix_blend_mode_passthrough\"><div class=\"et_pb_text_2 et_pb_text et_pb_bg_layout_light et_pb_module et_block_module\"><div class=\"et_pb_text_inner\"><p><strong>Software est\u00e1ndar Tatami<\/strong><\/p>\n<p>Begetube ha adoptado el programa Tatami para la ejecuci\u00f3n de todos sus estudios de suelos radiantes.<\/p>\n<p style=\"padding-left: 30px;\"><sub><em>\"Necesit\u00e1bamos un programa completo, f\u00e1cil de utilizar y que nos permitiera ganar tiempo. Con Elothia, hemos encontrado el software que posee todas las funciones para adaptar los circuitos, dibujar los planos de instalaci\u00f3n y determinar la alimentaci\u00f3n de los colectores. Es f\u00e1cilmente configurable y, por consiguiente, personalizable, lo cual es importante para nuestra actividad. Es f\u00e1cil y agradable de utilizar y proporciona los resultados detallados en los m\u00e1s breves plazos. A\u00f1ado que Elothia aporta igualmente un muy buen servicio y una verdadera disponibilidad.\"<br \/>\nT.S. - Director T\u00e9cnico.<\/em><\/sub><\/p>\n<\/div><\/div><\/div><\/div><div class=\"et_pb_row_3 et_pb_row et_pb_row_1-4_3-4 et_block_row et_block_row_1-4_3-4\"><div class=\"et_pb_column_5 et_pb_column et_pb_column_1_4 et_block_column et_pb_css_mix_blend_mode_passthrough\"><div class=\"et_pb_image_2 et_pb_image et_pb_image_sticky et_animated et_pb_module et_block_module\"><span class=\"et_pb_image_wrap\"><img loading=\"lazy\" decoding=\"async\" src=\"http:\/\/www.elothia.com\/wp-content\/uploads\/2015\/01\/rdz.jpg\" width=\"180\" height=\"68\" srcset=\"http:\/\/www.elothia.com\/wp-content\/uploads\/2015\/01\/rdz.jpg 180w\" sizes=\"(max-width: 180px) 100vw, 180px\" class=\"wp-image-95\" title=\"RDZ\" alt=\"RDZ\" \/><\/span><\/div><\/div><div class=\"et_pb_column_6 et_pb_column et_pb_column_3_4 et-last-child et_block_column et_pb_css_mix_blend_mode_passthrough\"><div class=\"et_pb_text_3 et_pb_text et_pb_bg_layout_light et_pb_module et_block_module\"><div class=\"et_pb_text_inner\"><p><strong>Software RDZEasyDraw<\/strong><\/p>\n<p>RDZEasyDraw es t\u00edpicamente una declinaci\u00f3n de Tatami en versi\u00f3n Corporate.<\/p>\n<p>&nbsp;<\/p>\n<\/div><\/div><\/div><\/div><\/div>","protected":false},"excerpt":{"rendered":"","protected":false},"author":2,"featured_media":0,"parent":0,"menu_order":60,"comment_status":"closed","ping_status":"closed","template":"","meta":{"footnotes":""},"class_list":["post-259","page","type-page","status-publish","hentry"],"_links":{"self":[{"href":"https:\/\/www.elothia.com\/es\/wp-json\/wp\/v2\/pages\/259","targetHints":{"allow":["GET"]}}],"collection":[{"href":"https:\/\/www.elothia.com\/es\/wp-json\/wp\/v2\/pages"}],"about":[{"href":"https:\/\/www.elothia.com\/es\/wp-json\/wp\/v2\/types\/page"}],"author":[{"embeddable":true,"href":"https:\/\/www.elothia.com\/es\/wp-json\/wp\/v2\/users\/2"}],"replies":[{"embeddable":true,"href":"https:\/\/www.elothia.com\/es\/wp-json\/wp\/v2\/comments?post=259"}],"version-history":[{"count":2,"href":"https:\/\/www.elothia.com\/es\/wp-json\/wp\/v2\/pages\/259\/revisions"}],"predecessor-version":[{"id":756,"href":"https:\/\/www.elothia.com\/es\/wp-json\/wp\/v2\/pages\/259\/revisions\/756"}],"wp:attachment":[{"href":"https:\/\/www.elothia.com\/es\/wp-json\/wp\/v2\/media?parent=259"}],"curies":[{"name":"wp","href":"https:\/\/api.w.org\/{rel}","templated":true}]}}