{"id":255,"date":"2015-01-01T14:14:14","date_gmt":"2015-01-01T13:14:14","guid":{"rendered":"http:\/\/swp.fr\/elothia\/wp\/?page_id=255"},"modified":"2026-03-19T08:48:48","modified_gmt":"2026-03-19T07:48:48","slug":"la-gama-tatami","status":"publish","type":"page","link":"https:\/\/www.elothia.com\/es\/la-gama-tatami\/","title":{"rendered":"La gama TATAMI"},"content":{"rendered":"<div class=\"et_pb_section_0 et_pb_section et_section_regular et_block_section\"><div class=\"et_pb_row_0 et_pb_row et_block_row\"><div class=\"et_pb_column_0 et_pb_column et_pb_column_4_4 et-last-child et_block_column et_pb_css_mix_blend_mode_passthrough\"><div class=\"et_pb_text_0 et_pb_text et_pb_bg_layout_light et_pb_module et_block_module\"><div class=\"et_pb_text_inner\"><p>Tatami es el software de Elothia dedicado a los suelos<br \/> radiantes hidr\u00e1ulicos.<br \/> Funciona totalmente en modo Visual.<\/p>\n<p style=\"text-align: right;\"><a href='\/es\/la-gama-tatami\/demostracion-en-linea\/' class='small-button smallorange'>demostracion en linea<\/a><\/p>\n<h1>Un confort de trabajo inigualable<\/h1>\n<p>Tatami permite trabajar con todo formato digital (jpg, .bmp, .pdf, .dwg\/.dxf).<br \/> Los c\u00e1lculos son efectuados conforme a la norma EN 1264.<\/p>\n<p>El software le aporta igualmente ayudas para la decisi\u00f3n en todas las etapas (instalaci\u00f3n, temperatura de salida) gracias a completos cuadros y gr\u00e1ficos. Adem\u00e1s, a fin de reforzar su productividad, Tatami propone facilidades de dise\u00f1o espec\u00edficas para su profesi\u00f3n, pudiendo anular los automatismos del software para poder tratar todos los casos particulares.<\/p>\n<p>Los documentos impresos son de alta calidad, totalmente configurables, incluyendo p\u00e1gina de cobertura con su logo, evaluaci\u00f3n, detalle de los c\u00e1lculos, s\u00edntesis y plano de instalaci\u00f3n total o parcial, a escala o no.<span class=\"Apple-converted-space\"> <\/span><\/p>\n<p>Y para acompa\u00f1arle en su desarrollo m\u00e1s all\u00e1 de sus fronteras, Tatami est\u00e1 igualmente disponible en diferentes lenguas occidentales y gestiona diferentes divisas.<\/p>\n<h1>La potencia de c\u00e1lculo y de evaluaci\u00f3n.<\/h1>\n<p>Tatami gestiona absolutamente todos los par\u00e1metros de c\u00e1lculo (estructura del suelo, sistemas de instalaci\u00f3n, colectores, conexiones...) y se adapta a todos los m\u00e9todos de instalaci\u00f3n: zonas perif\u00e9ricas, pasos mixtos, circuitos en serie... El software proporciona igualmente un balance t\u00e9rmico preciso para los locales calentados exclusivamente por el paso de los tubos.<\/p>\n<p>Para la evaluaci\u00f3n, Tatami integra cada componente de su tarificaci\u00f3n: coronas, sistema de instalaci\u00f3n (simple o m\u00faltiple), materiales y accesorios (por circuito, por m\u00b2, por metro lineal...). Tatami est\u00e1 dise\u00f1ado para adaptarse a todos los detalles de su tarificaci\u00f3n.<\/p>\n<p><img loading=\"lazy\" decoding=\"async\" class=\" size-full wp-image-127 aligncenter\" src=\"http:\/\/www.elothia.com\/wp-content\/uploads\/2015\/01\/magnolia-228x170.jpg\" alt=\"magnolia-228x170\" width=\"228\" height=\"170\" \/><\/p>\n<\/div><\/div><\/div><\/div><\/div>","protected":false},"excerpt":{"rendered":"","protected":false},"author":2,"featured_media":0,"parent":0,"menu_order":40,"comment_status":"closed","ping_status":"open","template":"","meta":{"footnotes":""},"class_list":["post-255","page","type-page","status-publish","hentry"],"_links":{"self":[{"href":"https:\/\/www.elothia.com\/es\/wp-json\/wp\/v2\/pages\/255","targetHints":{"allow":["GET"]}}],"collection":[{"href":"https:\/\/www.elothia.com\/es\/wp-json\/wp\/v2\/pages"}],"about":[{"href":"https:\/\/www.elothia.com\/es\/wp-json\/wp\/v2\/types\/page"}],"author":[{"embeddable":true,"href":"https:\/\/www.elothia.com\/es\/wp-json\/wp\/v2\/users\/2"}],"replies":[{"embeddable":true,"href":"https:\/\/www.elothia.com\/es\/wp-json\/wp\/v2\/comments?post=255"}],"version-history":[{"count":2,"href":"https:\/\/www.elothia.com\/es\/wp-json\/wp\/v2\/pages\/255\/revisions"}],"predecessor-version":[{"id":754,"href":"https:\/\/www.elothia.com\/es\/wp-json\/wp\/v2\/pages\/255\/revisions\/754"}],"wp:attachment":[{"href":"https:\/\/www.elothia.com\/es\/wp-json\/wp\/v2\/media?parent=255"}],"curies":[{"name":"wp","href":"https:\/\/api.w.org\/{rel}","templated":true}]}}