{"id":253,"date":"2015-01-01T14:13:03","date_gmt":"2015-01-01T13:13:03","guid":{"rendered":"http:\/\/swp.fr\/elothia\/wp\/?page_id=253"},"modified":"2026-03-19T08:48:47","modified_gmt":"2026-03-19T07:48:47","slug":"el-modo-visual","status":"publish","type":"page","link":"https:\/\/www.elothia.com\/es\/el-modo-visual\/","title":{"rendered":"El modo VISUAL"},"content":{"rendered":"<div class=\"et_pb_section_0 et_pb_section et_section_regular et_block_section\"><div class=\"et_pb_row_0 et_pb_row et_block_row\"><div class=\"et_pb_column_0 et_pb_column et_pb_column_4_4 et-last-child et_block_column et_pb_css_mix_blend_mode_passthrough\"><div class=\"et_pb_text_0 et_pb_text et_pb_bg_layout_light et_pb_module et_block_module\"><div class=\"et_pb_text_inner\"><h1>Usted dise\u00f1a y... \u00a1Conseguido!<\/h1>\n<p>Usted efect\u00faa el dise\u00f1o y el programa calcula instant\u00e1neamente todos los resultados de dimensionamiento y de evaluaci\u00f3n. Los procesos y los algoritmos de c\u00e1lculo se ejecutan a partir de los datos deducidos de las informaciones gr\u00e1ficas introducidas, generando as\u00ed autom\u00e1ticamente todos los circuitos.<\/p>\n<h1>Versi\u00f3n Standard o Corporate<\/h1>\n<p>En versi\u00f3n Standard, nuestros programas conservan la ergonom\u00eda de Elothia, proponiendo elementos configurables y personalizables: gamas de materiales y formatos de impresi\u00f3n.<\/p>\n<p>En versi\u00f3n Corporate, presentan adem\u00e1s un entorno completamente personalizado en funci\u00f3n de su marca, con una p\u00e1gina de inicio con su logo y sus colores. Nuestros programas, declinados en versi\u00f3n Corporate, le permiten as\u00ed difundir su imagen al mismo tiempo que su software.<\/p>\n<p>Opci\u00f3n disponible en toda la gama: el software de c\u00e1lculo de p\u00e9rdidas funcionando en modo VISUAL (Norma EN-12831).<\/p>\n<h1>La integraci\u00f3n completa de una cadena de tratamiento dxf<\/h1>\n<p>El usuario puede comenzar el estudio abriendo directamente un archivo dwg\/dxf (teniendo la posibilidad de elegir una presentaci\u00f3n), y generar, al finalizar el proceso, un plano de instalaci\u00f3n en formato dxf, estando los diferentes elementos de la instalaci\u00f3n repartidos en varios calcos.<\/p>\n<p>Esta integraci\u00f3n completa en una cadena de tratamiento dxf permite a los usuarios, responsables de proyectos y arquitectos, disponer en todo momento de calcos recuperables en el proyecto dxf inicial, \u00fanicamente con las informaciones \u00fatiles deseadas.<\/p>\n<\/div><\/div><\/div><\/div><\/div>","protected":false},"excerpt":{"rendered":"","protected":false},"author":2,"featured_media":0,"parent":0,"menu_order":30,"comment_status":"closed","ping_status":"open","template":"","meta":{"footnotes":""},"class_list":["post-253","page","type-page","status-publish","hentry"],"_links":{"self":[{"href":"https:\/\/www.elothia.com\/es\/wp-json\/wp\/v2\/pages\/253","targetHints":{"allow":["GET"]}}],"collection":[{"href":"https:\/\/www.elothia.com\/es\/wp-json\/wp\/v2\/pages"}],"about":[{"href":"https:\/\/www.elothia.com\/es\/wp-json\/wp\/v2\/types\/page"}],"author":[{"embeddable":true,"href":"https:\/\/www.elothia.com\/es\/wp-json\/wp\/v2\/users\/2"}],"replies":[{"embeddable":true,"href":"https:\/\/www.elothia.com\/es\/wp-json\/wp\/v2\/comments?post=253"}],"version-history":[{"count":2,"href":"https:\/\/www.elothia.com\/es\/wp-json\/wp\/v2\/pages\/253\/revisions"}],"predecessor-version":[{"id":753,"href":"https:\/\/www.elothia.com\/es\/wp-json\/wp\/v2\/pages\/253\/revisions\/753"}],"wp:attachment":[{"href":"https:\/\/www.elothia.com\/es\/wp-json\/wp\/v2\/media?parent=253"}],"curies":[{"name":"wp","href":"https:\/\/api.w.org\/{rel}","templated":true}]}}