{"id":251,"date":"2015-01-01T14:12:22","date_gmt":"2015-01-01T13:12:22","guid":{"rendered":"http:\/\/swp.fr\/elothia\/wp\/?page_id=251"},"modified":"2026-03-19T08:48:47","modified_gmt":"2026-03-19T07:48:47","slug":"para-sus-fabricantes","status":"publish","type":"page","link":"https:\/\/www.elothia.com\/es\/para-sus-fabricantes\/","title":{"rendered":"Para sus fabricantes"},"content":{"rendered":"<div class=\"et_pb_section_0 et_pb_section et_section_regular et_block_section\"><div class=\"et_pb_row_0 et_pb_row et_block_row\"><div class=\"et_pb_column_0 et_pb_column et_pb_column_4_4 et-last-child et_block_column et_pb_css_mix_blend_mode_passthrough\"><div class=\"et_pb_text_0 et_pb_text et_pb_bg_layout_light et_pb_module et_block_module\"><div class=\"et_pb_text_inner\"><h1>Una soluci\u00f3n ajustada a su estrategia fabricante<\/h1>\n<p><img loading=\"lazy\" decoding=\"async\" class=\"alignright size-full wp-image-76\" src=\"http:\/\/www.elothia.com\/wp-content\/uploads\/2015\/01\/pour-vous-fabricant-010-250x139.jpg\" alt=\"pour-vous-fabricant-010-250x139\" width=\"250\" height=\"139\" \/>Elothia se integra perfectamente en su estrategia de dise\u00f1ador de sistemas, basada en una oferta completa y una fuerte diferenciaci\u00f3n de productos y servicios.<\/p>\n<p>En efecto, nosotros aportamos una soluci\u00f3n \u00fanica en el mercado, presentada con los colores de su propia marca, valorizando as\u00ed su oferta de servicios y su imagen.<\/p>\n<h1>Un apoyo a su gesti\u00f3n comercial<\/h1>\n<p>Elothia representa para usted un argumento comercial suplementario de conquista, de fidelizaci\u00f3n y de dinamizaci\u00f3n de su red de clientes, aportando una herramienta innovadora, particularmente pr\u00e1ctica y eficaz.<\/p>\n<p>Con Elothia, usted obtiene un derecho de multiplicaci\u00f3n, tanto interno como externo, en el seno de su red: oficina de estudios, instaladores y comerciantes. Este derecho de multiplicaci\u00f3n es degresivo, en funci\u00f3n del n\u00famero de licencias. Esta posibilidad de desarrollo, con geometr\u00eda variable, hace de Elothia una soluci\u00f3n ideal.<\/p>\n<h1>Una respuesta a sus objetivos operacionales<\/h1>\n<p>Con Elothia, generaliza y uniformiza, en el seno de su red, una herramienta \u00fanica de dimensionamiento, c\u00e1lculo, evaluaci\u00f3n y plano de ejecuci\u00f3n. Con, como ventajas, una mejor coordinaci\u00f3n entre todos los actores de la red, una herramienta m\u00e1s accesible para los no especialistas de la ingenier\u00eda t\u00e9rmica, gracias a la simplicidad de utilizaci\u00f3n, una mayor rapidez de ejecuci\u00f3n del estudio y, por consiguiente, una mayor rentabilidad del conjunto de la cadena de valor.<\/p>\n<p><strong>Con Elothia, dispondr\u00e1 de un avance t\u00e9cnico y comercial \u00fanico al servicio de las prestaciones de sus clientes y de su propio desarrollo.<\/strong><\/p>\n<\/div><\/div><\/div><\/div><\/div>","protected":false},"excerpt":{"rendered":"","protected":false},"author":2,"featured_media":0,"parent":0,"menu_order":20,"comment_status":"closed","ping_status":"closed","template":"","meta":{"footnotes":""},"class_list":["post-251","page","type-page","status-publish","hentry"],"_links":{"self":[{"href":"https:\/\/www.elothia.com\/es\/wp-json\/wp\/v2\/pages\/251","targetHints":{"allow":["GET"]}}],"collection":[{"href":"https:\/\/www.elothia.com\/es\/wp-json\/wp\/v2\/pages"}],"about":[{"href":"https:\/\/www.elothia.com\/es\/wp-json\/wp\/v2\/types\/page"}],"author":[{"embeddable":true,"href":"https:\/\/www.elothia.com\/es\/wp-json\/wp\/v2\/users\/2"}],"replies":[{"embeddable":true,"href":"https:\/\/www.elothia.com\/es\/wp-json\/wp\/v2\/comments?post=251"}],"version-history":[{"count":2,"href":"https:\/\/www.elothia.com\/es\/wp-json\/wp\/v2\/pages\/251\/revisions"}],"predecessor-version":[{"id":752,"href":"https:\/\/www.elothia.com\/es\/wp-json\/wp\/v2\/pages\/251\/revisions\/752"}],"wp:attachment":[{"href":"https:\/\/www.elothia.com\/es\/wp-json\/wp\/v2\/media?parent=251"}],"curies":[{"name":"wp","href":"https:\/\/api.w.org\/{rel}","templated":true}]}}