{"id":233,"date":"2015-01-01T13:01:22","date_gmt":"2015-01-01T12:01:22","guid":{"rendered":"http:\/\/swp.fr\/elothia\/wp\/?page_id=233"},"modified":"2026-03-20T09:33:29","modified_gmt":"2026-03-20T08:33:29","slug":"rechtliche-hinweise","status":"publish","type":"page","link":"https:\/\/www.elothia.com\/de\/rechtliche-hinweise\/","title":{"rendered":"Rechtliche Hinweise"},"content":{"rendered":"<div class=\"et_pb_section_0 et_pb_section et_section_regular et_block_section\">\n<div class=\"et_pb_row_0 et_pb_row et_block_row\">\n<div class=\"et_pb_column_0 et_pb_column et_pb_column_4_4 et-last-child et_block_column et_pb_css_mix_blend_mode_passthrough\">\n<div class=\"et_pb_text_0 et_pb_text et_pb_bg_layout_light et_pb_module et_block_module et_pb_text_align_left\"><div class=\"et_pb_text_inner\"><p>Das frz. Gesetz \"Confiance dans l'\u00e9conomie num\u00e9rique (LCEN Nr. 2004-575 vom 21. Juni 2004 (\"Gesetz f\u00fcr das Vertrauen in die digitale Wirtschaft\") verpflichtet die Herausgeber von Webseiten bestimmte Informationen anzugeben. Dieser Verpflichtung entsprechen wir gern.<\/p>\n<p>&nbsp;<\/p>\n<h2>Verantwortliche Redaktion f\u00fcr den Inhalt der Webseite:<\/h2>\n<p>ELOTHIA Sarl (GmbH)<br \/>47, Rue Dupetit Thouars<br \/>F-49000 ANGERS<br \/>vertreten durch Herrn Dominique Gentili<br \/>Telefon: 0033 6 18 27 21 55<br \/>(Gesellschaftskapital 100 \u20ac) SIRET 49519514100017<br \/>(Syst\u00e8me d'Identification du R\u00e9pertoire des Entreprises = frz. Handelsregister).<\/p>\n<p>&nbsp;<\/p>\n<h2>Webmaster<\/h2>\n<p>EI Pascal Derath\u00e9 \"SWP\"<br \/>32,Chemin de Laval<br \/>F-69230 Saint-Genis Laval<br \/>Tel.: 0033\u00a0 4 78 56 22 28<br \/>Mobil: 0033 6 72 07 72 10<br \/>Vertreten durch Herrn Pascal Derath\u00e9<br \/>(<a class=\"LinkOut\" href=\"http:\/\/www.swp.fr\/\" target=\"_blank\" rel=\"noopener\">Webseite<\/a>)<\/p>\n<p>&nbsp;<\/p>\n<h2>Kommunikations- und Marketingberatung<\/h2>\n<p><a class=\"LinkOut\" title=\"Vers le site de Michel Fereira\" href=\"http:\/\/www.michelfereira.com\/\" target=\"_blank\" rel=\"noopener\">www.michelfereira.com<\/a><br \/>Michel Fereira<br \/>74, rue Jean Jaur\u00e8s<br \/>F-49124 Saint-Barth\u00e9l\u00e9my d'Anjou<br \/>Mobil: 0033 (0) 6 62 27 73 83<span class=\"Apple-converted-space\">\u00a0<\/span><br \/>www.michelfereira.com<br \/>E-Mail: contact@michelfereira.com<\/p>\n<p>&nbsp;<\/p>\n<h2>Host-Provider<\/h2>\n<p>Diese Webseite wird gehostet auf den Servern von: OUITEC - Charly (69) France.<\/p>\n<p>&nbsp;<\/p>\n<h2>Geistiges Eigentum<\/h2>\n<p>Jegliche nicht genehmigte Vervielf\u00e4ltigung oder Verbreitung des gesamten oder teilweisen Inhalts oder von Informationen auf dieser Webseite ist untersagt. Ihr Inhalt steht f\u00fcr eine private und nicht kollektive Nutzung zur Verf\u00fcgung. Nach Artikel L.122-5.2 und 3 a des frz. Gesetzes zum Schutz des geistigen Eigentums sind einerseits \"Kopien oder Vervielf\u00e4ltigungen erlaubt, die f\u00fcr den privaten Gebrauch des Kopierers und nicht f?r eine kollektive Nutzung bestimmt sind, und andererseits \"diese ausschlie?lich zum Zweck \"von Analysen und kurzen Zitaten verwendet werden, die als Beispiel bzw. zur Veranschaulichung dienen; die vollst\u00e4ndige oder teilweise Darstellung oder Vervielf?ltigung ohne Genehmigung des Urhebers bzw. dessen Berechtigten oder Rechtsnachfolger ist rechtswidrig (Art. L. 122-4). Eine solche Darstellung oder Vervielf\u00e4ltigung in irgendeiner Form w\u00e4re somit eine Urheberrechtsverletzung, die nach den Artikeln L. 335-2 ff. des frz. Gesetzes zum Schutz des geistigen Eigentums geahndet wird.<\/p>\n<h3><\/h3>\n<h2>CNIL ( Commission Nationale Informatique et Libert\u00e9s= frz. Datenschutzbeh\u00f6rde )<\/h2>\n<p>Schutz und Verwendung von Daten:<br \/>Nutzer, die auf den in der Webseite bereitgestellten Formularen personenbezogene Angaben gemacht haben, k\u00f6nnen diese vom Webmaster anfordern und gegebenenfalls aufgrund des frz. Gesetzes Nr. 78-17 vom 6. Januar 1978 \u00fcber elektronische Datenverarbeitung, Dateien und Freiheitsrechte ?nderungen veranlassen. Sie k\u00f6nnen diese Rechte schriftlich beim verantwortlichen Herausgeber der Webseite geltend machen.<span class=\"Apple-converted-space\">\u00a0<\/span><br \/>Personenbezogene Informationen k\u00f6nnen vom Herausgeber dazu verwendet werden, um seine Dienstleistungen und\/oder Produkte anzubieten und diejenigen von seinen Partnern bekannt zu machen. Sie werden lediglich zum Zweck des operativen Managements oder zur Erf\u00fcllung gesetzlicher Verpflichtungen an Dritte weitergegeben. Jeder Nutzer kann dagegen schriftlichen Einspruch an obige Adresse erheben.<\/p>\n<h3><\/h3>\n<h2>Marken und Logos, Hyperlinks<\/h2>\n<p>Jegliche Nutzung von s?mtlichen Markennamen und Logos dieser Webseite ist ohne Genehmigung des Herausgebers untersagt. Gleichfalls sind unterliegen s\u00e4mtliche Hyperlinks zu dieser Webseite der vorherigen Genehmigung.<\/p>\n<h2>Bildnachweis<\/h2>\n<p>Magnolia vertical : Zeabi - Fotolia.com<\/p>\n<p>Magnolia horizontal : Sandra Gligorijevic - Fotolia.com<\/p>\n<p>&nbsp;<\/p>\n<\/div><\/div>\n<\/div>\n<\/div>\n<\/div>","protected":false},"excerpt":{"rendered":"","protected":false},"author":2,"featured_media":0,"parent":0,"menu_order":99,"comment_status":"closed","ping_status":"closed","template":"","meta":{"footnotes":""},"class_list":["post-233","page","type-page","status-publish","hentry"],"_links":{"self":[{"href":"https:\/\/www.elothia.com\/de\/wp-json\/wp\/v2\/pages\/233","targetHints":{"allow":["GET"]}}],"collection":[{"href":"https:\/\/www.elothia.com\/de\/wp-json\/wp\/v2\/pages"}],"about":[{"href":"https:\/\/www.elothia.com\/de\/wp-json\/wp\/v2\/types\/page"}],"author":[{"embeddable":true,"href":"https:\/\/www.elothia.com\/de\/wp-json\/wp\/v2\/users\/2"}],"replies":[{"embeddable":true,"href":"https:\/\/www.elothia.com\/de\/wp-json\/wp\/v2\/comments?post=233"}],"version-history":[{"count":7,"href":"https:\/\/www.elothia.com\/de\/wp-json\/wp\/v2\/pages\/233\/revisions"}],"predecessor-version":[{"id":827,"href":"https:\/\/www.elothia.com\/de\/wp-json\/wp\/v2\/pages\/233\/revisions\/827"}],"wp:attachment":[{"href":"https:\/\/www.elothia.com\/de\/wp-json\/wp\/v2\/media?parent=233"}],"curies":[{"name":"wp","href":"https:\/\/api.w.org\/{rel}","templated":true}]}}