{"id":222,"date":"2015-01-01T12:52:17","date_gmt":"2015-01-01T11:52:17","guid":{"rendered":"http:\/\/swp.fr\/elothia\/wp\/?page_id=222"},"modified":"2026-03-21T00:24:23","modified_gmt":"2026-03-20T23:24:23","slug":"die-visual-betriebsart","status":"publish","type":"page","link":"https:\/\/www.elothia.com\/de\/die-visual-betriebsart\/","title":{"rendered":"Die VISUAL-Betriebsart"},"content":{"rendered":"<div class=\"et_pb_section_0 et_pb_section et_section_regular et_block_section\">\n<div class=\"et_pb_row_0 et_pb_row et_block_row\">\n<div class=\"et_pb_column_0 et_pb_column et_pb_column_4_4 et-last-child et_block_column et_pb_css_mix_blend_mode_passthrough\">\n<div class=\"et_pb_text_0 et_pb_text et_pb_bg_layout_light et_pb_module et_block_module et_pb_text_align_left\"><div class=\"et_pb_text_inner\"><h1>Sie entwerfen und landen einen Volltreffer!<\/h1>\n<p>Sie entwerfen, die Software berechnet sofort Ihre Ergebnisse f\u00fcr die Dimensionierung und den Kostenvoranschlag. Die Rechenverfahren und -algorithmen basieren auf den aus den Grafiken erfassten Daten, wodurch s\u00e4mtliche Leitungskreise automatisch generiert werden.<\/p>\n<h1>Standardversion oder Corporate-Ausf\u00fchrung<\/h1>\n<p>In der Standardversion beh\u00e4lt unsere Software die Elothia-Ergonomie bei und bietet gleichzeitig parametrierbare und individuell anpassbare Elemente: Materialauswahl und Druckformate.<\/p>\n<p>In der Corporate-Ausf\u00fchrung beinhaltet die Software zus\u00e4tzlich eine vollst\u00e4ndig auf Ihre Marke zugeschnittene Umgebung, mit einer Startseite in Ihrem Design, Ihrem Logo und Ihren Unternehmensfarben. Unsere Software in der Corporate-Ausf\u00fchrung erm\u00f6glicht es Ihnen, Ihr Markenimage zusammen mit Ihrer eigenen Software zu verbreiten.<\/p>\n<p>Eine Option, die f\u00fcr das gesamte Produktangebot verf\u00fcgbar ist: die W\u00e4rmeverlustberechnung im VISUAL-Betriebsmodus (Heizlast nach Norm EN 12831).<\/p>\n<h1>Vollst\u00e4ndige Integration in eine DXF-Bearbeitungskette<\/h1>\n<p>Der Anwender kann die Analyse starten, indem er direkt eine DWG\/DXF-Datei \u00f6ffnet (wobei eine Auswahl der Darstellung m\u00f6glich ist) und am Ende der Bearbeitung einen Verlegeplan im DXF-Format erzeugen, in dem die verschiedenen Installationselemente auf mehrere Layer verteilt sind.<\/p>\n<p>Diese vollst\u00e4ndige Integration in eine DXF-Bearbeitungskette erm\u00f6glicht es Anwendern, Projektleitern und Architekten, jederzeit \u00fcber Layer zu verf\u00fcgen, die aus dem urspr\u00fcnglichen DXF-Projekt wiederverwendet werden k\u00f6nnen und ausschlie\u00dflich die jeweils ben\u00f6tigten praktischen Informationen anzeigen.<\/p>\n<p>&nbsp;<\/p>\n<p>&nbsp;<\/p>\n<\/div><\/div>\n<\/div>\n<\/div>\n<\/div>","protected":false},"excerpt":{"rendered":"","protected":false},"author":2,"featured_media":0,"parent":0,"menu_order":30,"comment_status":"closed","ping_status":"open","template":"","meta":{"footnotes":""},"class_list":["post-222","page","type-page","status-publish","hentry"],"_links":{"self":[{"href":"https:\/\/www.elothia.com\/de\/wp-json\/wp\/v2\/pages\/222","targetHints":{"allow":["GET"]}}],"collection":[{"href":"https:\/\/www.elothia.com\/de\/wp-json\/wp\/v2\/pages"}],"about":[{"href":"https:\/\/www.elothia.com\/de\/wp-json\/wp\/v2\/types\/page"}],"author":[{"embeddable":true,"href":"https:\/\/www.elothia.com\/de\/wp-json\/wp\/v2\/users\/2"}],"replies":[{"embeddable":true,"href":"https:\/\/www.elothia.com\/de\/wp-json\/wp\/v2\/comments?post=222"}],"version-history":[{"count":2,"href":"https:\/\/www.elothia.com\/de\/wp-json\/wp\/v2\/pages\/222\/revisions"}],"predecessor-version":[{"id":880,"href":"https:\/\/www.elothia.com\/de\/wp-json\/wp\/v2\/pages\/222\/revisions\/880"}],"wp:attachment":[{"href":"https:\/\/www.elothia.com\/de\/wp-json\/wp\/v2\/media?parent=222"}],"curies":[{"name":"wp","href":"https:\/\/api.w.org\/{rel}","templated":true}]}}