{"id":217,"date":"2015-01-01T12:49:24","date_gmt":"2015-01-01T11:49:24","guid":{"rendered":"http:\/\/swp.fr\/elothia\/wp\/?page_id=217"},"modified":"2026-03-21T00:27:32","modified_gmt":"2026-03-20T23:27:32","slug":"die-elothia-vision","status":"publish","type":"page","link":"https:\/\/www.elothia.com\/de\/die-elothia-vision\/","title":{"rendered":"Die ELOTHIA-Vision"},"content":{"rendered":"<div class=\"et_pb_section_0 et_pb_section et_section_regular et_block_section\">\n<div class=\"et_pb_row_0 et_pb_row et_block_row\">\n<div class=\"et_pb_column_0 et_pb_column et_pb_column_4_4 et-last-child et_block_column et_pb_css_mix_blend_mode_passthrough\">\n<div class=\"et_pb_text_0 et_pb_text et_pb_bg_layout_light et_pb_module et_block_module et_pb_text_align_left\"><div class=\"et_pb_text_inner\"><h1>Eine bedeutende Innovation: das VISUAL-Programm<\/h1>\n<p>Urspr\u00fcnglich zur Erleichterung der Einbauplanung von hydraulischen Fu\u00dfbodenheizungen entwickelt, erm\u00f6glicht die VISUAL-Software die gleichzeitige Durchf\u00fchrung aller Planungsstufen: Berechnung, Dimensionierung, Vorkalkulation und Bauzeichnung.<\/p>\n<p>Das Prinzip von Elothia ist einfach: Sie zeichnen den Plan, die Software berechnet sofort alle Ergebnisse f\u00fcr die Dimensionierung und die Vorkalkulation.<\/p>\n<p>Zum Beispiel erhalten Sie f\u00fcr die Analyse eines Einfamilienhauses in weniger als einer Stunde s\u00e4mtliche Berechnungs- und Vorkalkulationsdokumente sowie den Verlegeplan mit der automatischen Generierung aller Kreisl\u00e4ufe.<\/p>\n<p>&nbsp;<\/p>\n<h1>S\u00e4mtliche Anwendungen werden abgedeckt<\/h1>\n<p><img loading=\"lazy\" decoding=\"async\" class=\"alignright size-full wp-image-68\" src=\"http:\/\/www.elothia.com\/wp-content\/uploads\/2015\/01\/vision-image-250x177.jpg\" alt=\"vision-image-250x177\" width=\"250\" height=\"177\" \/><\/p>\n<p>Elothia deckt s\u00e4mtliche Anwendungen hydraulischer, elektrischer oder lufthydraulischer Heizungs- und K\u00fchlsysteme mit einer integrierten L\u00f6sung ab, die es erm\u00f6glicht, die Installationsplanung in derselben VISUAL-Betriebsart durchzuf\u00fchren.<\/p>\n<p>Au\u00dferdem eignet sich Elothia auch f\u00fcr die Verlegungsplanung in Einfamilienh\u00e4usern, Mehrfamilienh\u00e4usern und im gewerblichen Bereich.<\/p>\n<p>Erleichtern und vereinfachen Ihrer Verlegungsplanung sowie die Abdeckung all Ihrer Bed\u00fcrfnisse \u2013 das ist die Vision von Elothia, um Ihnen stets die bestm\u00f6glichen L\u00f6sungen anzubieten.<\/p>\n<\/div><\/div>\n<\/div>\n<\/div>\n<\/div>","protected":false},"excerpt":{"rendered":"","protected":false},"author":2,"featured_media":0,"parent":0,"menu_order":10,"comment_status":"closed","ping_status":"open","template":"","meta":{"footnotes":""},"class_list":["post-217","page","type-page","status-publish","hentry"],"_links":{"self":[{"href":"https:\/\/www.elothia.com\/de\/wp-json\/wp\/v2\/pages\/217","targetHints":{"allow":["GET"]}}],"collection":[{"href":"https:\/\/www.elothia.com\/de\/wp-json\/wp\/v2\/pages"}],"about":[{"href":"https:\/\/www.elothia.com\/de\/wp-json\/wp\/v2\/types\/page"}],"author":[{"embeddable":true,"href":"https:\/\/www.elothia.com\/de\/wp-json\/wp\/v2\/users\/2"}],"replies":[{"embeddable":true,"href":"https:\/\/www.elothia.com\/de\/wp-json\/wp\/v2\/comments?post=217"}],"version-history":[{"count":2,"href":"https:\/\/www.elothia.com\/de\/wp-json\/wp\/v2\/pages\/217\/revisions"}],"predecessor-version":[{"id":882,"href":"https:\/\/www.elothia.com\/de\/wp-json\/wp\/v2\/pages\/217\/revisions\/882"}],"wp:attachment":[{"href":"https:\/\/www.elothia.com\/de\/wp-json\/wp\/v2\/media?parent=217"}],"curies":[{"name":"wp","href":"https:\/\/api.w.org\/{rel}","templated":true}]}}