{"id":215,"date":"2015-01-01T12:48:10","date_gmt":"2015-01-01T11:48:10","guid":{"rendered":"http:\/\/swp.fr\/elothia\/wp\/?page_id=215"},"modified":"2026-03-21T00:24:58","modified_gmt":"2026-03-20T23:24:58","slug":"startseite","status":"publish","type":"page","link":"https:\/\/www.elothia.com\/de\/","title":{"rendered":"Startseite"},"content":{"rendered":"<div class=\"et_pb_section_0 et_pb_section et_section_regular et_block_section\">\n<div class=\"et_pb_row_0 et_pb_row et_block_row\">\n<div class=\"et_pb_column_0 et_pb_column et_pb_column_4_4 et-last-child et_block_column et_pb_css_mix_blend_mode_passthrough\">\n<div class=\"et_pb_text_0 et_pb_text et_pb_bg_layout_light et_pb_module et_block_module et_pb_text_align_left\"><div class=\"et_pb_text_inner\"><p class=\"accueil\">Elothia hat f\u00fcr Planungsfachleute von Fu\u00dfbodenheizungs- und -k\u00fchlsystemen eine neue Generation von Software entwickelt.<br \/>Entdecken Sie eine neue, visuelle Darstellung der Einbauplanung mit un\u00fcbertroffener Schnelligkeit, Arbeitskomfort und Rentabilit\u00e4t.<\/p>\n<p class=\"accueil\"><img loading=\"lazy\" decoding=\"async\" class=\" size-full wp-image-59 aligncenter\" src=\"http:\/\/www.elothia.com\/wp-content\/uploads\/2015\/01\/magnolias-650x392.jpg\" alt=\"magnolias-650x392\" width=\"650\" height=\"392\" srcset=\"https:\/\/www.elothia.com\/wp-content\/uploads\/2015\/01\/magnolias-650x392.jpg 650w, https:\/\/www.elothia.com\/wp-content\/uploads\/2015\/01\/magnolias-650x392-300x181.jpg 300w\" sizes=\"(max-width: 650px) 100vw, 650px\" \/><\/p>\n<\/div><\/div>\n<\/div>\n<\/div>\n<\/div>","protected":false},"excerpt":{"rendered":"","protected":false},"author":2,"featured_media":0,"parent":0,"menu_order":0,"comment_status":"closed","ping_status":"closed","template":"","meta":{"footnotes":""},"class_list":["post-215","page","type-page","status-publish","hentry"],"_links":{"self":[{"href":"https:\/\/www.elothia.com\/de\/wp-json\/wp\/v2\/pages\/215","targetHints":{"allow":["GET"]}}],"collection":[{"href":"https:\/\/www.elothia.com\/de\/wp-json\/wp\/v2\/pages"}],"about":[{"href":"https:\/\/www.elothia.com\/de\/wp-json\/wp\/v2\/types\/page"}],"author":[{"embeddable":true,"href":"https:\/\/www.elothia.com\/de\/wp-json\/wp\/v2\/users\/2"}],"replies":[{"embeddable":true,"href":"https:\/\/www.elothia.com\/de\/wp-json\/wp\/v2\/comments?post=215"}],"version-history":[{"count":2,"href":"https:\/\/www.elothia.com\/de\/wp-json\/wp\/v2\/pages\/215\/revisions"}],"predecessor-version":[{"id":881,"href":"https:\/\/www.elothia.com\/de\/wp-json\/wp\/v2\/pages\/215\/revisions\/881"}],"wp:attachment":[{"href":"https:\/\/www.elothia.com\/de\/wp-json\/wp\/v2\/media?parent=215"}],"curies":[{"name":"wp","href":"https:\/\/api.w.org\/{rel}","templated":true}]}}